{"id":884,"date":"2024-11-22T13:58:06","date_gmt":"2024-11-22T13:58:06","guid":{"rendered":"https:\/\/escapeintime.vn\/?page_id=884"},"modified":"2024-11-22T21:23:48","modified_gmt":"2024-11-22T14:23:48","slug":"dieu-khoan-va-dieu-kien","status":"publish","type":"page","link":"https:\/\/escapeintime.vn\/ko\/dieu-khoan-va-dieu-kien\/","title":{"rendered":"\u0110i\u1ec1u kho\u1ea3n v\u00e0 \u0111i\u1ec1u ki\u1ec7n"},"content":{"rendered":"<div data-elementor-type=\"wp-page\" data-elementor-id=\"884\" class=\"elementor elementor-884\" data-elementor-post-type=\"page\">\n\t\t\t\t<div class=\"elementor-element elementor-element-d1cc065 e-flex e-con-boxed e-con e-parent\" data-id=\"d1cc065\" data-element_type=\"container\">\n\t\t\t\t\t<div class=\"e-con-inner\">\n\t\t\t\t<div class=\"elementor-element elementor-element-fda7982 elementor-widget elementor-widget-heading\" data-id=\"fda7982\" data-element_type=\"widget\" data-widget_type=\"heading.default\">\n\t\t\t\t<div class=\"elementor-widget-container\">\n\t\t\t<h2 class=\"elementor-heading-title elementor-size-default\">\uc774\uc6a9 \uc57d\uad00<\/h2>\t\t<\/div>\n\t\t\t\t<\/div>\n\t\t\t\t<div class=\"elementor-element elementor-element-7af5beb elementor-widget elementor-widget-text-editor\" data-id=\"7af5beb\" data-element_type=\"widget\" data-widget_type=\"text-editor.default\">\n\t\t\t\t<div class=\"elementor-widget-container\">\n\t\t\t\t\t\t\t<p><b>Escape In Time \uc774\uc6a9 \uc57d\uad00<\/b><\/p><p><span style=\"font-weight: 400;\">Escape In Time\uc5d0 \uc624\uc2e0 \uac83\uc744 \ud658\uc601\ud569\ub2c8\ub2e4. Escape Room \uccb4\ud5d8\uc744 \uc608\uc57d\ud558\uac70\ub098 \ucc38\uc5ec\ud568\uc73c\ub85c\uc368 \uc544\ub798 \uc774\uc6a9 \uc57d\uad00\uc5d0 \ub3d9\uc758\ud558\ub294 \uac83\uc73c\ub85c \uac04\uc8fc\ub429\ub2c8\ub2e4. \uc608\uc57d\uc744 \ud558\uac70\ub098 \uc2dc\uc124\uc5d0 \uc785\uc7a5\ud558\uae30 \uc804\uc5d0 \uc774 \uc57d\uad00\uc744 \uaf3c\uaf3c\ud788 \uc77d\uc5b4\uc8fc\uc2dc\uae30 \ubc14\ub78d\ub2c8\ub2e4.<\/span><\/p><ol><li style=\"font-weight: 400;\" aria-level=\"1\"><p><b>\uc77c\ubc18 \uc815\ubcf4<\/b><\/p><ul><li style=\"font-weight: 400;\" aria-level=\"2\"><p><b>Escape Room \uccb4\ud5d8:<\/b><span style=\"font-weight: 400;\"> Escape In Time\uc740 \uc81c\ud55c\ub41c \uc2dc\uac04 \ub0b4\uc5d0 \ud37c\uc990\uc744 \ud480\uace0, \ub2e8\uc11c\ub97c \ud574\ub3c5\ud558\uba70, \ub3c4\uc804\uc744 \uc644\ub8cc\ud558\uc5ec \ud2b9\uc815 \ud14c\ub9c8\uc758 \ubc29\uc744 \"\ud0c8\ucd9c\"\ud558\ub294 \ubab0\uc785\ud615 Escape Room \uac8c\uc784\uc744 \uc81c\uacf5\ud569\ub2c8\ub2e4.<\/span><\/p><\/li><li style=\"font-weight: 400;\" aria-level=\"2\"><p><b>\uc704\uce58:<\/b><span style=\"font-weight: 400;\"> 377 Ng\u00f4 Quy\u1ec1n, An H\u1ea3i B\u1eafc, S\u01a1n Tr\u00e0, \u0110\u00e0 N\u1eb5ng.<\/span><\/p><\/li><li style=\"font-weight: 400;\" aria-level=\"2\"><p><b>\uc6b4\uc601 \uc2dc\uac04:<\/b><span style=\"font-weight: 400;\"> \uc6d4\uc694\uc77c~\uc77c\uc694\uc77c, \uc624\uc804 10:00 ~ \uc624\ud6c4 10:00.<\/span><\/p><\/li><\/ul><\/li><li style=\"font-weight: 400;\" aria-level=\"1\"><p><b>\uc608\uc57d \ubc0f \uacb0\uc81c<\/b><\/p><ul><li style=\"font-weight: 400;\" aria-level=\"2\"><p><b>\uc608\uc57d:<\/b><span style=\"font-weight: 400;\"> \uc608\uc57d\uc740 \uc6f9\uc0ac\uc774\ud2b8, \uc804\ud654 \ub610\ub294 \ubc29\ubb38\uc744 \ud1b5\ud574 \uac00\ub2a5\ud569\ub2c8\ub2e4. \uc6d0\ud558\ub294 \uc2dc\uac04\ub300\ub97c \ud655\ubcf4\ud558\uae30 \uc704\ud574 \uc0ac\uc804 \uc608\uc57d\uc744 \uad8c\uc7a5\ud569\ub2c8\ub2e4.<\/span><\/p><\/li><li style=\"font-weight: 400;\" aria-level=\"2\"><p><b>\uacb0\uc81c:<\/b><span style=\"font-weight: 400;\"> \uacb0\uc81c\ub294 \uc608\uc57d \uc2dc \ub610\ub294 \ub3c4\ucc29 \uc2dc \uc644\ub8cc\ud574\uc57c \ud569\ub2c8\ub2e4. \ud604\uae08, \uc2e0\uc6a9\uce74\ub4dc, \ub610\ub294 \ubaa8\ubc14\uc77c \uacb0\uc81c \uc11c\ube44\uc2a4\ub97c \ud3ec\ud568\ud55c \ub2e4\uc591\ud55c \uacb0\uc81c \ubc29\ubc95\uc744 \uc9c0\uc6d0\ud569\ub2c8\ub2e4.<\/span><\/p><\/li><li style=\"font-weight: 400;\" aria-level=\"2\"><p><b>\ucde8\uc18c:<\/b><span style=\"font-weight: 400;\"> \ucde8\uc18c \ub610\ub294 \uc77c\uc815 \ubcc0\uacbd\uc740 \ucd5c\uc18c 24\uc2dc\uac04 \uc804\uc5d0 \uc774\ub8e8\uc5b4\uc838\uc57c \ud569\ub2c8\ub2e4. \uc608\uc57d \uc2dc\uac04 24\uc2dc\uac04 \uc774\ub0b4\uc5d0 \ucde8\uc18c\ub41c \uacbd\uc6b0 \ud658\ubd88\uc774 \ubd88\uac00\ud569\ub2c8\ub2e4.<\/span><\/p><\/li><\/ul><\/li><li style=\"font-weight: 400;\" aria-level=\"1\"><p><b>\ucc38\uc5ec \uc9c0\uce68<\/b><\/p><ul><li style=\"font-weight: 400;\" aria-level=\"2\"><p><b>\uc5f0\ub839 \uc81c\ud55c:<\/b><span style=\"font-weight: 400;\"> \ucc38\uac00\uc790\ub294 \ucd5c\uc18c \ub9cc 14\uc138 \uc774\uc0c1\uc774\uc5b4\uc57c \ud569\ub2c8\ub2e4. \ub9cc 16\uc138 \ubbf8\ub9cc\uc758 \uc5b4\ub9b0\uc774\ub294 \ubc18\ub4dc\uc2dc \uc131\uc778\uc774 \ub3d9\ubc18\ud574\uc57c \ud569\ub2c8\ub2e4.<\/span><\/p><\/li><li style=\"font-weight: 400;\" aria-level=\"2\"><p><b>\ucc38\uc5ec \uc778\uc6d0:<\/b><span style=\"font-weight: 400;\"> \uac01 \ubc29\uc740 \ucd5c\uc18c \ubc0f \ucd5c\ub300 \uc778\uc6d0 \uc81c\ud55c\uc774 \uc788\uc73c\uba70, \uc548\uc804 \ubc0f \uc990\uac70\uc6c0\uc744 \uc704\ud574 \uc774\ub97c \uc900\uc218\ud574\uc57c \ud569\ub2c8\ub2e4.<\/span><\/p><\/li><li style=\"font-weight: 400;\" aria-level=\"2\"><p><b>\ub3c4\ucc29 \uc2dc\uac04:<\/b><span style=\"font-weight: 400;\"> \ucc38\uac00\uc790\ub294 \uc608\uc57d \uc2dc\uac04 \ucd5c\uc18c 15\ubd84 \uc804\uc5d0 \ub3c4\ucc29\ud558\uc5ec \uc0ac\uc804 \uc548\ub0b4\ub97c \ubc1b\uc544\uc57c \ud569\ub2c8\ub2e4. \ub2a6\uac8c \ub3c4\ucc29\ud560 \uacbd\uc6b0 \uac8c\uc784 \uc2dc\uac04\uc774 \ub2e8\ucd95\ub418\uac70\ub098 \ud658\ubd88 \uc5c6\uc774 \uc608\uc57d\uc774 \ucde8\uc18c\ub420 \uc218 \uc788\uc2b5\ub2c8\ub2e4.<\/span><\/p><\/li><li style=\"font-weight: 400;\" aria-level=\"2\"><p><b>\uac1c\uc778 \uc18c\uc9c0\ud488:<\/b><span style=\"font-weight: 400;\"> Escape In Time\uc740 \ubd84\uc2e4 \ub610\ub294 \ub3c4\ub09c\ub41c \ubb3c\ud488\uc5d0 \ub300\ud574 \ucc45\uc784\uc744 \uc9c0\uc9c0 \uc54a\uc2b5\ub2c8\ub2e4. \uac1c\uc778 \uc18c\uc9c0\ud488\uc740 \ubcf4\uad00\ud568\uc744 \uc774\uc6a9\ud560 \uc218 \uc788\uc2b5\ub2c8\ub2e4.<\/span><\/p><\/li><\/ul><\/li><li style=\"font-weight: 400;\" aria-level=\"1\"><p><b>\ud589\ub3d9 \uc218\uce59<\/b><\/p><ul><li style=\"font-weight: 400;\" aria-level=\"2\"><p><b>\uc2dc\uc124 \ubcf4\ud638:<\/b><span style=\"font-weight: 400;\"> \ucc38\uac00\uc790\ub294 \uc18c\ud488, \uac00\uad6c \ub610\ub294 \ubc29\uc758 \uad6c\uc870\ubb3c\uc744 \ud6fc\uc190\ud558\uac70\ub098 \ubd84\ud574\ud558\ub824\uace0 \uc2dc\ub3c4\ud574\uc11c\ub294 \uc548 \ub429\ub2c8\ub2e4. \uace0\uc758\uc801\uc774\uac70\ub098 \ubd80\uc8fc\uc758\ud55c \ud589\ub3d9\uc73c\ub85c \uc778\ud574 \ubc1c\uc0dd\ud55c \uc190\uc0c1\uc740 \uc218\ub9ac \ub610\ub294 \uad50\uccb4 \ube44\uc6a9(50,000~3,000,000 VND)\uc744 \uccad\uad6c\ud560 \uc218 \uc788\uc2b5\ub2c8\ub2e4.<\/span><\/p><\/li><li style=\"font-weight: 400;\" aria-level=\"2\"><p><b>\uc548\uc804:<\/b><span style=\"font-weight: 400;\"> \uc548\uc804\uc744 \uc704\ud574, \uc9c1\uc6d0\uc758 \uc9c0\uc2dc\ub098 \uac8c\uc784 \ub514\uc790\uc778\uc5d0 \ub530\ub77c\uc57c \ud558\uba70, \ubb38, \ucc3d\ubb38 \ub610\ub294 \uc7a0\uae34 \ubb3c\ud488\uc744 \uac15\uc81c\ub85c \uc5f4\uc9c0 \ub9c8\uc2ed\uc2dc\uc624. \uc548\uc804\ud558\uc9c0 \uc54a\uac70\ub098 \ubc29\ud574\uac00 \ub418\ub294 \ud589\ub3d9\uc740 \ud1f4\uc7a5\uc744 \ucd08\ub798\ud560 \uc218 \uc788\uc2b5\ub2c8\ub2e4.<\/span><\/p><\/li><li style=\"font-weight: 400;\" aria-level=\"2\"><p><b>\ube44\ubc00 \uc720\uc9c0:<\/b><span style=\"font-weight: 400;\"> \ucc38\uac00\uc790\ub294 \ub2e4\ub978 \uc0ac\ub78c\ub4e4\uc5d0\uac8c \uac8c\uc784 \uc194\ub8e8\uc158, \ud37c\uc990 \ub610\ub294 \uc138\ubd80 \uc0ac\ud56d\uc744 \uacf5\uac1c\ud558\uc9c0 \uc54a\ub3c4\ub85d \uc694\uccad\ub4dc\ub9bd\ub2c8\ub2e4. \uac8c\uc784 \uc911 \ud734\ub300\ud3f0\uc774\ub098 \uc804\uc790 \uae30\uae30\uc758 \uc0ac\uc6a9\uc740 \ud5c8\uc6a9\ub418\uc9c0 \uc54a\uc2b5\ub2c8\ub2e4.<\/span><\/p><\/li><\/ul><\/li><li style=\"font-weight: 400;\" aria-level=\"1\"><p><b>\ucc45\uc784 \ud55c\uacc4<\/b><\/p><ul><li style=\"font-weight: 400;\" aria-level=\"2\"><p><b>\uc704\ud5d8 \uc218\uc6a9:<\/b><span style=\"font-weight: 400;\"> Escape In Time \ud65c\ub3d9\uc5d0 \ucc38\uc5ec\ud558\ub294 \uac83\uc740 \ubcf8\uc778\uc758 \ucc45\uc784\uc785\ub2c8\ub2e4. \ud68c\uc0ac\ub294 \uc911\ub300\ud55c \uacfc\uc2e4\uc774 \uc5c6\ub294 \ud55c, \uac8c\uc784 \uc911 \ubc1c\uc0dd\ud55c \ubd80\uc0c1, \uc0ac\uace0, \ub610\ub294 \uc190\ud574\uc5d0 \ub300\ud574 \ucc45\uc784\uc744 \uc9c0\uc9c0 \uc54a\uc2b5\ub2c8\ub2e4.<\/span><\/p><\/li><li style=\"font-weight: 400;\" aria-level=\"2\"><p><b>\uac74\uac15 \uc0c1\ud0dc:<\/b><span style=\"font-weight: 400;\"> \ud3d0\uc1c4\uacf5\ud3ec\uc99d \ub4f1\uc758 \uac74\uac15 \ubb38\uc81c\uac00 \uc788\ub294 \ucc38\uac00\uc790\ub294 \uc608\uc57d \uc804\uc5d0 \uc9c1\uc6d0\uacfc \uc0c1\uc758\ud574\uc57c \ud569\ub2c8\ub2e4. Escape In Time\uc740 \uc0ac\uc804\uc5d0 \ubcf4\uace0\ub418\uc9c0 \uc54a\uc740 \uac74\uac15 \ubb38\uc81c\ub85c \uc778\ud574 \ubc1c\uc0dd\ud55c \ubd80\uc815\uc801\uc778 \uacb0\uacfc\uc5d0 \ub300\ud574 \ucc45\uc784\uc744 \uc9c0\uc9c0 \uc54a\uc2b5\ub2c8\ub2e4.<\/span><\/p><\/li><\/ul><\/li><li style=\"font-weight: 400;\" aria-level=\"1\"><p><b>\uac1c\uc778\uc815\ubcf4 \ubcf4\ud638 \uc815\ucc45<\/b><\/p><ul><li style=\"font-weight: 400;\" aria-level=\"2\"><p><b>\ub370\uc774\ud130 \uc218\uc9d1:<\/b><span style=\"font-weight: 400;\"> \uc608\uc57d \uacfc\uc815\uc5d0\uc11c \uc218\uc9d1\ub41c \uac1c\uc778 \uc815\ubcf4\ub294 \uc608\uc57d \uad00\ub9ac \ubc0f \uc18c\ud1b5 \ubaa9\uc801\uc73c\ub85c\ub9cc \uc0ac\uc6a9\ub429\ub2c8\ub2e4.<\/span><\/p><\/li><li style=\"font-weight: 400;\" aria-level=\"2\"><p><b>\uc0ac\uc9c4 \ubc0f \ube44\ub514\uc624:<\/b><span style=\"font-weight: 400;\"> Escape In Time\uc740 \ud504\ub85c\ubaa8\uc158 \ubaa9\uc801\uc73c\ub85c \uac8c\uc784 \uc911 \uc0ac\uc9c4\uc774\ub098 \ube44\ub514\uc624\ub97c \ucd2c\uc601\ud560 \uc218 \uc788\uc2b5\ub2c8\ub2e4. \uc774\ub7ec\ud55c \ub9e4\uccb4\uc5d0 \ud3ec\ud568\ub418\uae30\ub97c \uc6d0\ud558\uc9c0 \uc54a\ub294 \uacbd\uc6b0 \uac8c\uc784 \uc804\uc5d0 \uc9c1\uc6d0\uc5d0\uac8c \uc54c\ub824\uc8fc\uc2dc\uae30 \ubc14\ub78d\ub2c8\ub2e4.<\/span><\/p><\/li><\/ul><\/li><li style=\"font-weight: 400;\" aria-level=\"1\"><p><b>\uac1c\uc815 \ubc0f \uc5c5\ub370\uc774\ud2b8<\/b><b><br \/><\/b><span style=\"font-weight: 400;\">Escape In Time\uc740 \uc5b8\uc81c\ub4e0\uc9c0 \uc774 \uc774\uc6a9 \uc57d\uad00\uc744 \ubcc0\uacbd\ud558\uac70\ub098 \uc5c5\ub370\uc774\ud2b8\ud560 \uad8c\ub9ac\uac00 \uc788\uc2b5\ub2c8\ub2e4. \ucd5c\uc2e0 \ubc84\uc804\uc740 \uc6f9\uc0ac\uc774\ud2b8 \ubc0f \uc2dc\uc124\uc5d0\uc11c \ud655\uc778\ud560 \uc218 \uc788\uc2b5\ub2c8\ub2e4.<\/span><\/p><\/li><\/ol><p><span style=\"font-weight: 400;\">\ubb38\uc758\uc0ac\ud56d\uc774\ub098 \uc6b0\ub824 \uc0ac\ud56d\uc774 \uc788\uc73c\uc2dc\uba74 (+84)702 299 657\ubc88\uc73c\ub85c \uc804\ud654\ud558\uac70\ub098 info@escapeintime.vn\uc73c\ub85c \uc774\uba54\uc77c\uc744 \ubcf4\ub0b4\uc8fc\uc2dc\uae30 \ubc14\ub78d\ub2c8\ub2e4.<\/span><\/p><p class=\" translation-block\">\ucc38\uc5ec\ud568\uc73c\ub85c\uc368 \uadc0\ud558\ub294 \ubcf8 \uc57d\uad00\uc744 \uc77d\uace0 \uc774\ud574\ud558\uba70 \ub3d9\uc758\ud55c \uac83\uc73c\ub85c \uac04\uc8fc\ub429\ub2c8\ub2e4.\nEscape In Time\uc744 \uc120\ud0dd\ud574 \uc8fc\uc154\uc11c \uac10\uc0ac\ud569\ub2c8\ub2e4 \u2013 \uc990\uac70\uc6b4 \ubaa8\ud5d8\uc774 \ub418\uc2dc\uae38 \ubc14\ub78d\ub2c8\ub2e4!<\/p>\t\t\t\t\t\t<\/div>\n\t\t\t\t<\/div>\n\t\t\t\t\t<\/div>\n\t\t\t\t<\/div>\n\t\t\t\t<\/div>","protected":false},"excerpt":{"rendered":"<p>\u0110i\u1ec1u Kho\u1ea3n v\u00e0 \u0110i\u1ec1u Ki\u1ec7n \u0110i\u1ec1u Kho\u1ea3n v\u00e0 \u0110i\u1ec1u Ki\u1ec7n c\u1ee7a Escape In Time Ch\u00e0o m\u1eebng b\u1ea1n \u0111\u1ebfn v\u1edbi Escape In Time. B\u1eb1ng c\u00e1ch \u0111\u1eb7t ch\u1ed7 ho\u1eb7c tham gia tr\u1ea3i nghi\u1ec7m Escape Room c\u1ee7a ch\u00fang t\u00f4i, b\u1ea1n \u0111\u1ed3ng \u00fd tu\u00e2n th\u1ee7 c\u00e1c \u0110i\u1ec1u Kho\u1ea3n v\u00e0 \u0110i\u1ec1u Ki\u1ec7n sau \u0111\u00e2y. Vui l\u00f2ng \u0111\u1ecdc k\u1ef9 tr\u01b0\u1edbc khi [&hellip;]<\/p>","protected":false},"author":1,"featured_media":0,"parent":0,"menu_order":0,"comment_status":"closed","ping_status":"closed","template":"","meta":{"_acf_changed":false,"site-sidebar-layout":"no-sidebar","site-content-layout":"","ast-site-content-layout":"full-width-container","site-content-style":"default","site-sidebar-style":"default","ast-global-header-display":"","ast-banner-title-visibility":"","ast-main-header-display":"","ast-hfb-above-header-display":"","ast-hfb-below-header-display":"","ast-hfb-mobile-header-display":"","site-post-title":"disabled","ast-breadcrumbs-content":"","ast-featured-img":"disabled","footer-sml-layout":"","theme-transparent-header-meta":"","adv-header-id-meta":"","stick-header-meta":"","header-above-stick-meta":"","header-main-stick-meta":"","header-below-stick-meta":"","astra-migrate-meta-layouts":"default","ast-page-background-enabled":"default","ast-page-background-meta":{"desktop":{"background-color":"var(--ast-global-color-4)","background-image":"","background-repeat":"repeat","background-position":"center center","background-size":"auto","background-attachment":"scroll","background-type":"","background-media":"","overlay-type":"","overlay-color":"","overlay-opacity":"","overlay-gradient":""},"tablet":{"background-color":"","background-image":"","background-repeat":"repeat","background-position":"center center","background-size":"auto","background-attachment":"scroll","background-type":"","background-media":"","overlay-type":"","overlay-color":"","overlay-opacity":"","overlay-gradient":""},"mobile":{"background-color":"","background-image":"","background-repeat":"repeat","background-position":"center center","background-size":"auto","background-attachment":"scroll","background-type":"","background-media":"","overlay-type":"","overlay-color":"","overlay-opacity":"","overlay-gradient":""}},"ast-content-background-meta":{"desktop":{"background-color":"var(--ast-global-color-5)","background-image":"","background-repeat":"repeat","background-position":"center center","background-size":"auto","background-attachment":"scroll","background-type":"","background-media":"","overlay-type":"","overlay-color":"","overlay-opacity":"","overlay-gradient":""},"tablet":{"background-color":"var(--ast-global-color-5)","background-image":"","background-repeat":"repeat","background-position":"center center","background-size":"auto","background-attachment":"scroll","background-type":"","background-media":"","overlay-type":"","overlay-color":"","overlay-opacity":"","overlay-gradient":""},"mobile":{"background-color":"var(--ast-global-color-5)","background-image":"","background-repeat":"repeat","background-position":"center center","background-size":"auto","background-attachment":"scroll","background-type":"","background-media":"","overlay-type":"","overlay-color":"","overlay-opacity":"","overlay-gradient":""}},"footnotes":""},"class_list":["post-884","page","type-page","status-publish","hentry"],"acf":[],"yoast_head":"<!-- This site is optimized with the Yoast SEO plugin v24.5 - https:\/\/yoast.com\/wordpress\/plugins\/seo\/ -->\n<title>\u0110i\u1ec1u kho\u1ea3n v\u00e0 \u0111i\u1ec1u ki\u1ec7n - Escape In Time<\/title>\n<meta name=\"robots\" content=\"index, follow, max-snippet:-1, max-image-preview:large, max-video-preview:-1\" \/>\n<link rel=\"canonical\" href=\"https:\/\/escapeintime.vn\/ko\/dieu-khoan-va-dieu-kien\/\" \/>\n<meta property=\"og:locale\" content=\"ko_KR\" \/>\n<meta property=\"og:type\" content=\"article\" \/>\n<meta property=\"og:title\" content=\"\u0110i\u1ec1u kho\u1ea3n v\u00e0 \u0111i\u1ec1u ki\u1ec7n - Escape In Time\" \/>\n<meta property=\"og:description\" content=\"\u0110i\u1ec1u Kho\u1ea3n v\u00e0 \u0110i\u1ec1u Ki\u1ec7n \u0110i\u1ec1u Kho\u1ea3n v\u00e0 \u0110i\u1ec1u Ki\u1ec7n c\u1ee7a Escape In Time Ch\u00e0o m\u1eebng b\u1ea1n \u0111\u1ebfn v\u1edbi Escape In Time. B\u1eb1ng c\u00e1ch \u0111\u1eb7t ch\u1ed7 ho\u1eb7c tham gia tr\u1ea3i nghi\u1ec7m Escape Room c\u1ee7a ch\u00fang t\u00f4i, b\u1ea1n \u0111\u1ed3ng \u00fd tu\u00e2n th\u1ee7 c\u00e1c \u0110i\u1ec1u Kho\u1ea3n v\u00e0 \u0110i\u1ec1u Ki\u1ec7n sau \u0111\u00e2y. Vui l\u00f2ng \u0111\u1ecdc k\u1ef9 tr\u01b0\u1edbc khi [&hellip;]\" \/>\n<meta property=\"og:url\" content=\"https:\/\/escapeintime.vn\/ko\/dieu-khoan-va-dieu-kien\/\" \/>\n<meta property=\"og:site_name\" content=\"Escape In Time\" \/>\n<meta property=\"article:publisher\" content=\"https:\/\/www.facebook.com\/escapeintime.vn\" \/>\n<meta property=\"article:modified_time\" content=\"2024-11-22T14:23:48+00:00\" \/>\n<meta property=\"og:image\" content=\"https:\/\/escapeintime.vn\/wp-content\/uploads\/2025\/03\/481051932_122136945770577148_7613651333272878880_n.png\" \/>\n\t<meta property=\"og:image:width\" content=\"1958\" \/>\n\t<meta property=\"og:image:height\" content=\"745\" \/>\n\t<meta property=\"og:image:type\" content=\"image\/png\" \/>\n<meta name=\"twitter:card\" content=\"summary_large_image\" \/>\n<meta name=\"twitter:label1\" content=\"\uc608\uc0c1 \ub418\ub294 \ud310\ub3c5 \uc2dc\uac04\" \/>\n\t<meta name=\"twitter:data1\" content=\"6\ubd84\" \/>\n<script type=\"application\/ld+json\" class=\"yoast-schema-graph\">{\"@context\":\"https:\/\/schema.org\",\"@graph\":[{\"@type\":\"WebPage\",\"@id\":\"https:\/\/escapeintime.vn\/dieu-khoan-va-dieu-kien\/\",\"url\":\"https:\/\/escapeintime.vn\/dieu-khoan-va-dieu-kien\/\",\"name\":\"\u0110i\u1ec1u kho\u1ea3n v\u00e0 \u0111i\u1ec1u ki\u1ec7n - Escape In Time\",\"isPartOf\":{\"@id\":\"https:\/\/escapeintime.vn\/#website\"},\"datePublished\":\"2024-11-22T13:58:06+00:00\",\"dateModified\":\"2024-11-22T14:23:48+00:00\",\"breadcrumb\":{\"@id\":\"https:\/\/escapeintime.vn\/dieu-khoan-va-dieu-kien\/#breadcrumb\"},\"inLanguage\":\"ko-KR\",\"potentialAction\":[{\"@type\":\"ReadAction\",\"target\":[\"https:\/\/escapeintime.vn\/dieu-khoan-va-dieu-kien\/\"]}]},{\"@type\":\"BreadcrumbList\",\"@id\":\"https:\/\/escapeintime.vn\/dieu-khoan-va-dieu-kien\/#breadcrumb\",\"itemListElement\":[{\"@type\":\"ListItem\",\"position\":1,\"name\":\"Trang ch\u1ee7\",\"item\":\"https:\/\/escapeintime.vn\/\"},{\"@type\":\"ListItem\",\"position\":2,\"name\":\"\u0110i\u1ec1u kho\u1ea3n v\u00e0 \u0111i\u1ec1u ki\u1ec7n\"}]},{\"@type\":\"WebSite\",\"@id\":\"https:\/\/escapeintime.vn\/#website\",\"url\":\"https:\/\/escapeintime.vn\/\",\"name\":\"Escape In Time\",\"description\":\"Escape Room T\u1ea1i \u0110\u00e0 N\u1eb5ng\",\"publisher\":{\"@id\":\"https:\/\/escapeintime.vn\/#organization\"},\"alternateName\":\"Escape Room in Danang\",\"potentialAction\":[{\"@type\":\"SearchAction\",\"target\":{\"@type\":\"EntryPoint\",\"urlTemplate\":\"https:\/\/escapeintime.vn\/?s={search_term_string}\"},\"query-input\":{\"@type\":\"PropertyValueSpecification\",\"valueRequired\":true,\"valueName\":\"search_term_string\"}}],\"inLanguage\":\"ko-KR\"},{\"@type\":\"Organization\",\"@id\":\"https:\/\/escapeintime.vn\/#organization\",\"name\":\"Escape In Time\",\"url\":\"https:\/\/escapeintime.vn\/\",\"logo\":{\"@type\":\"ImageObject\",\"inLanguage\":\"ko-KR\",\"@id\":\"https:\/\/escapeintime.vn\/#\/schema\/logo\/image\/\",\"url\":\"https:\/\/escapeintime.vn\/wp-content\/uploads\/2024\/09\/cropped-non_backgrd.png\",\"contentUrl\":\"https:\/\/escapeintime.vn\/wp-content\/uploads\/2024\/09\/cropped-non_backgrd.png\",\"width\":512,\"height\":512,\"caption\":\"Escape In Time\"},\"image\":{\"@id\":\"https:\/\/escapeintime.vn\/#\/schema\/logo\/image\/\"},\"sameAs\":[\"https:\/\/www.facebook.com\/escapeintime.vn\",\"https:\/\/www.instagram.com\/escapeintime.vn\/\"]}]}<\/script>\n<!-- \/ Yoast SEO plugin. -->","yoast_head_json":{"title":"\u0110i\u1ec1u kho\u1ea3n v\u00e0 \u0111i\u1ec1u ki\u1ec7n - Escape In Time","robots":{"index":"index","follow":"follow","max-snippet":"max-snippet:-1","max-image-preview":"max-image-preview:large","max-video-preview":"max-video-preview:-1"},"canonical":"https:\/\/escapeintime.vn\/ko\/dieu-khoan-va-dieu-kien\/","og_locale":"ko_KR","og_type":"article","og_title":"\u0110i\u1ec1u kho\u1ea3n v\u00e0 \u0111i\u1ec1u ki\u1ec7n - Escape In Time","og_description":"\u0110i\u1ec1u Kho\u1ea3n v\u00e0 \u0110i\u1ec1u Ki\u1ec7n \u0110i\u1ec1u Kho\u1ea3n v\u00e0 \u0110i\u1ec1u Ki\u1ec7n c\u1ee7a Escape In Time Ch\u00e0o m\u1eebng b\u1ea1n \u0111\u1ebfn v\u1edbi Escape In Time. B\u1eb1ng c\u00e1ch \u0111\u1eb7t ch\u1ed7 ho\u1eb7c tham gia tr\u1ea3i nghi\u1ec7m Escape Room c\u1ee7a ch\u00fang t\u00f4i, b\u1ea1n \u0111\u1ed3ng \u00fd tu\u00e2n th\u1ee7 c\u00e1c \u0110i\u1ec1u Kho\u1ea3n v\u00e0 \u0110i\u1ec1u Ki\u1ec7n sau \u0111\u00e2y. Vui l\u00f2ng \u0111\u1ecdc k\u1ef9 tr\u01b0\u1edbc khi [&hellip;]","og_url":"https:\/\/escapeintime.vn\/ko\/dieu-khoan-va-dieu-kien\/","og_site_name":"Escape In Time","article_publisher":"https:\/\/www.facebook.com\/escapeintime.vn","article_modified_time":"2024-11-22T14:23:48+00:00","og_image":[{"width":1958,"height":745,"url":"https:\/\/escapeintime.vn\/wp-content\/uploads\/2025\/03\/481051932_122136945770577148_7613651333272878880_n.png","type":"image\/png"}],"twitter_card":"summary_large_image","twitter_misc":{"\uc608\uc0c1 \ub418\ub294 \ud310\ub3c5 \uc2dc\uac04":"6\ubd84"},"schema":{"@context":"https:\/\/schema.org","@graph":[{"@type":"WebPage","@id":"https:\/\/escapeintime.vn\/dieu-khoan-va-dieu-kien\/","url":"https:\/\/escapeintime.vn\/dieu-khoan-va-dieu-kien\/","name":"\u0110i\u1ec1u kho\u1ea3n v\u00e0 \u0111i\u1ec1u ki\u1ec7n - Escape In Time","isPartOf":{"@id":"https:\/\/escapeintime.vn\/#website"},"datePublished":"2024-11-22T13:58:06+00:00","dateModified":"2024-11-22T14:23:48+00:00","breadcrumb":{"@id":"https:\/\/escapeintime.vn\/dieu-khoan-va-dieu-kien\/#breadcrumb"},"inLanguage":"ko-KR","potentialAction":[{"@type":"ReadAction","target":["https:\/\/escapeintime.vn\/dieu-khoan-va-dieu-kien\/"]}]},{"@type":"BreadcrumbList","@id":"https:\/\/escapeintime.vn\/dieu-khoan-va-dieu-kien\/#breadcrumb","itemListElement":[{"@type":"ListItem","position":1,"name":"Trang ch\u1ee7","item":"https:\/\/escapeintime.vn\/"},{"@type":"ListItem","position":2,"name":"\u0110i\u1ec1u kho\u1ea3n v\u00e0 \u0111i\u1ec1u ki\u1ec7n"}]},{"@type":"WebSite","@id":"https:\/\/escapeintime.vn\/#website","url":"https:\/\/escapeintime.vn\/","name":"Escape In Time","description":"Escape Room T\u1ea1i \u0110\u00e0 N\u1eb5ng","publisher":{"@id":"https:\/\/escapeintime.vn\/#organization"},"alternateName":"Escape Room in Danang","potentialAction":[{"@type":"SearchAction","target":{"@type":"EntryPoint","urlTemplate":"https:\/\/escapeintime.vn\/?s={search_term_string}"},"query-input":{"@type":"PropertyValueSpecification","valueRequired":true,"valueName":"search_term_string"}}],"inLanguage":"ko-KR"},{"@type":"Organization","@id":"https:\/\/escapeintime.vn\/#organization","name":"Escape In Time","url":"https:\/\/escapeintime.vn\/","logo":{"@type":"ImageObject","inLanguage":"ko-KR","@id":"https:\/\/escapeintime.vn\/#\/schema\/logo\/image\/","url":"https:\/\/escapeintime.vn\/wp-content\/uploads\/2024\/09\/cropped-non_backgrd.png","contentUrl":"https:\/\/escapeintime.vn\/wp-content\/uploads\/2024\/09\/cropped-non_backgrd.png","width":512,"height":512,"caption":"Escape In Time"},"image":{"@id":"https:\/\/escapeintime.vn\/#\/schema\/logo\/image\/"},"sameAs":["https:\/\/www.facebook.com\/escapeintime.vn","https:\/\/www.instagram.com\/escapeintime.vn\/"]}]}},"_links":{"self":[{"href":"https:\/\/escapeintime.vn\/ko\/wp-json\/wp\/v2\/pages\/884","targetHints":{"allow":["GET"]}}],"collection":[{"href":"https:\/\/escapeintime.vn\/ko\/wp-json\/wp\/v2\/pages"}],"about":[{"href":"https:\/\/escapeintime.vn\/ko\/wp-json\/wp\/v2\/types\/page"}],"author":[{"embeddable":true,"href":"https:\/\/escapeintime.vn\/ko\/wp-json\/wp\/v2\/users\/1"}],"replies":[{"embeddable":true,"href":"https:\/\/escapeintime.vn\/ko\/wp-json\/wp\/v2\/comments?post=884"}],"version-history":[{"count":19,"href":"https:\/\/escapeintime.vn\/ko\/wp-json\/wp\/v2\/pages\/884\/revisions"}],"predecessor-version":[{"id":908,"href":"https:\/\/escapeintime.vn\/ko\/wp-json\/wp\/v2\/pages\/884\/revisions\/908"}],"wp:attachment":[{"href":"https:\/\/escapeintime.vn\/ko\/wp-json\/wp\/v2\/media?parent=884"}],"curies":[{"name":"wp","href":"https:\/\/api.w.org\/{rel}","templated":true}]}}