{"id":884,"date":"2024-11-22T13:58:06","date_gmt":"2024-11-22T13:58:06","guid":{"rendered":"https:\/\/escapeintime.vn\/?page_id=884"},"modified":"2024-11-22T21:23:48","modified_gmt":"2024-11-22T14:23:48","slug":"dieu-khoan-va-dieu-kien","status":"publish","type":"page","link":"https:\/\/escapeintime.vn\/zh\/dieu-khoan-va-dieu-kien\/","title":{"rendered":"\u0110i\u1ec1u kho\u1ea3n v\u00e0 \u0111i\u1ec1u ki\u1ec7n"},"content":{"rendered":"<div data-elementor-type=\"wp-page\" data-elementor-id=\"884\" class=\"elementor elementor-884\" data-elementor-post-type=\"page\">\n\t\t\t\t<div class=\"elementor-element elementor-element-d1cc065 e-flex e-con-boxed e-con e-parent\" data-id=\"d1cc065\" data-element_type=\"container\">\n\t\t\t\t\t<div class=\"e-con-inner\">\n\t\t\t\t<div class=\"elementor-element elementor-element-fda7982 elementor-widget elementor-widget-heading\" data-id=\"fda7982\" data-element_type=\"widget\" data-widget_type=\"heading.default\">\n\t\t\t\t<div class=\"elementor-widget-container\">\n\t\t\t<h2 class=\"elementor-heading-title elementor-size-default\">\u4f7f\u7528\u6761\u6b3e\u548c\u6761\u4ef6<\/h2>\t\t<\/div>\n\t\t\t\t<\/div>\n\t\t\t\t<div class=\"elementor-element elementor-element-7af5beb elementor-widget elementor-widget-text-editor\" data-id=\"7af5beb\" data-element_type=\"widget\" data-widget_type=\"text-editor.default\">\n\t\t\t\t<div class=\"elementor-widget-container\">\n\t\t\t\t\t\t\t<p><b>Escape In Time \u4f7f\u7528\u6761\u6b3e\u548c\u6761\u4ef6<\/b><\/p><p><span style=\"font-weight: 400;\">\u6b22\u8fce\u6765\u5230 Escape In Time\u3002\u901a\u8fc7\u9884\u8ba2\u6216\u53c2\u4e0e\u6211\u4eec\u7684 Escape Room \u4f53\u9a8c\uff0c\u60a8\u540c\u610f\u9075\u5b88\u4ee5\u4e0b\u4f7f\u7528\u6761\u6b3e\u548c\u6761\u4ef6\u3002\u5728\u9884\u8ba2\u6216\u8fdb\u5165\u573a\u5730\u4e4b\u524d\uff0c\u8bf7\u4ed4\u7ec6\u9605\u8bfb\u3002<\/span><\/p><ol><li style=\"font-weight: 400;\" aria-level=\"1\"><p><b>\u4e00\u822c\u4fe1\u606f<\/b><\/p><ul><li style=\"font-weight: 400;\" aria-level=\"2\"><p><b>Escape Room \u4f53\u9a8c\uff1a<\/b><span style=\"font-weight: 400;\"> Escape In Time \u63d0\u4f9b\u6c89\u6d78\u5f0f Escape Room \u6e38\u620f\uff0c\u73a9\u5bb6\u9700\u8981\u5728\u89c4\u5b9a\u65f6\u95f4\u5185\u89e3\u8c1c\u3001\u7834\u89e3\u7ebf\u7d22\u5e76\u5b8c\u6210\u6311\u6218\uff0c\u4ee5\u201c\u9003\u51fa\u201d\u4e3b\u9898\u623f\u95f4\u3002<\/span><\/p><\/li><li style=\"font-weight: 400;\" aria-level=\"2\"><p><b>\u5730\u5740\uff1a<\/b><span style=\"font-weight: 400;\"> 377 Ng\u00f4 Quy\u1ec1n, An H\u1ea3i B\u1eafc, S\u01a1n Tr\u00e0, \u0110\u00e0 N\u1eb5ng.<\/span><\/p><\/li><li style=\"font-weight: 400;\" aria-level=\"2\"><p><b>\u8425\u4e1a\u65f6\u95f4\uff1a<\/b><span style=\"font-weight: 400;\"> \u661f\u671f\u4e00\u81f3\u661f\u671f\u65e5\uff0c\u4e0a\u534810:00 - \u665a\u4e0a10:00\u3002<\/span><\/p><\/li><\/ul><\/li><li style=\"font-weight: 400;\" aria-level=\"1\"><p><b>\u9884\u8ba2\u4e0e\u652f\u4ed8<\/b><\/p><ul><li style=\"font-weight: 400;\" aria-level=\"2\"><p><b>\u9884\u8ba2\uff1a<\/b><span style=\"font-weight: 400;\"> \u53ef\u901a\u8fc7\u6211\u4eec\u7684\u7f51\u7ad9\u3001\u7535\u8bdd\u6216\u4eb2\u81ea\u5230\u573a\u8fdb\u884c\u9884\u8ba2\u3002\u5efa\u8bae\u63d0\u524d\u9884\u8ba2\u4ee5\u786e\u4fdd\u60a8\u9009\u62e9\u7684\u65f6\u95f4\u6bb5\u3002<\/span><\/p><\/li><li style=\"font-weight: 400;\" aria-level=\"2\"><p><b>\u652f\u4ed8\uff1a<\/b><span style=\"font-weight: 400;\"> \u9884\u8ba2\u65f6\u6216\u5230\u8fbe\u65f6\u987b\u5b8c\u6210\u652f\u4ed8\u3002\u63a5\u53d7\u7684\u652f\u4ed8\u65b9\u5f0f\u5305\u62ec\u73b0\u91d1\u3001\u4fe1\u7528\u5361\u6216\u79fb\u52a8\u652f\u4ed8\u670d\u52a1\u3002<\/span><\/p><\/li><li style=\"font-weight: 400;\" aria-level=\"2\"><p><b>\u53d6\u6d88\uff1a<\/b><span style=\"font-weight: 400;\"> \u53d6\u6d88\u6216\u66f4\u6539\u65f6\u95f4\u9700\u81f3\u5c11\u63d0\u524d24\u5c0f\u65f6\u901a\u77e5\u3002\u82e5\u5728\u9884\u8ba2\u65f6\u95f4\u524d24\u5c0f\u65f6\u5185\u53d6\u6d88\uff0c\u5c06\u4e0d\u4e88\u9000\u6b3e\u3002<\/span><\/p><\/li><\/ul><\/li><li style=\"font-weight: 400;\" aria-level=\"1\"><p><b>\u53c2\u4e0e\u6307\u5357<\/b><\/p><ul><li style=\"font-weight: 400;\" aria-level=\"2\"><p><b>\u5e74\u9f84\u9650\u5236\uff1a<\/b><span style=\"font-weight: 400;\"> \u53c2\u4e0e\u8005\u5fc5\u987b\u5e74\u6ee114\u5c81\u300216\u5c81\u4ee5\u4e0b\u7684\u513f\u7ae5\u9700\u7531\u6210\u5e74\u4eba\u966a\u540c\u3002<\/span><\/p><\/li><li style=\"font-weight: 400;\" aria-level=\"2\"><p><b>\u56e2\u961f\u4eba\u6570\uff1a<\/b><span style=\"font-weight: 400;\"> \u6bcf\u4e2a\u623f\u95f4\u6709\u6700\u5c11\u548c\u6700\u591a\u53c2\u4e0e\u4eba\u6570\u9650\u5236\uff0c\u9700\u9075\u5b88\u4ee5\u786e\u4fdd\u5b89\u5168\u548c\u826f\u597d\u4f53\u9a8c\u3002<\/span><\/p><\/li><li style=\"font-weight: 400;\" aria-level=\"2\"><p><b>\u5230\u8fbe\u65f6\u95f4\uff1a<\/b><span style=\"font-weight: 400;\"> \u53c2\u4e0e\u8005\u5e94\u63d0\u524d\u81f3\u5c1115\u5206\u949f\u5230\u8fbe\uff0c\u4ee5\u8fdb\u884c\u7b80\u62a5\u8bf4\u660e\u3002\u8fdf\u5230\u53ef\u80fd\u5bfc\u81f4\u6e38\u620f\u65f6\u95f4\u7f29\u77ed\u6216\u9884\u8ba2\u88ab\u53d6\u6d88\u4e14\u4e0d\u9000\u6b3e\u3002<\/span><\/p><\/li><li style=\"font-weight: 400;\" aria-level=\"2\"><p><b>\u4e2a\u4eba\u7269\u54c1\uff1a<\/b><span style=\"font-weight: 400;\"> Escape In Time \u5bf9\u4e8e\u9057\u5931\u6216\u88ab\u76d7\u7269\u54c1\u6982\u4e0d\u8d1f\u8d23\u3002\u53ef\u63d0\u4f9b\u50a8\u7269\u67dc\u5b58\u653e\u4e2a<\/span><\/p><\/li><\/ul><\/li><li style=\"font-weight: 400;\" aria-level=\"1\"><p><b>\u884c\u4e3a\u51c6\u5219<\/b><\/p><ul><li style=\"font-weight: 400;\" aria-level=\"2\"><p><b>\u5c0a\u91cd\u8bbe\u65bd\uff1a<\/b><span style=\"font-weight: 400;\"> \u53c2\u4e0e\u8005\u4e0d\u5f97\u7834\u574f\u6216\u8bd5\u56fe\u62c6\u5378\u9053\u5177\u3001\u5bb6\u5177\u6216\u623f\u95f4\u7ed3\u6784\u3002\u56e0\u6545\u610f\u6216\u4e0d\u5f53\u884c\u4e3a\u9020\u6210\u7684\u635f\u574f\u5c06\u88ab\u6536\u53d6\u7ef4\u4fee\u6216\u66f4\u6362\u8d39\u7528\uff0850,000 - 3,000,000 \u8d8a\u5357\u76fe\u3002<\/span><\/p><\/li><li style=\"font-weight: 400;\" aria-level=\"2\"><p><b>\u5b89\u5168\uff1a<\/b><span style=\"font-weight: 400;\"> \u4e3a\u4e86\u60a8\u7684\u5b89\u5168\uff0c\u9664\u975e\u5f97\u5230\u5de5\u4f5c\u4eba\u5458\u6307\u793a\u6216\u6e38\u620f\u8bbe\u8ba1\u5141\u8bb8\uff0c\u8bf7\u52ff\u5f3a\u884c\u6253\u5f00\u95e8\u3001\u7a97\u6216\u9501\u5b9a\u7269\u54c1\u3002\u4e0d\u5b89\u5168\u6216\u6270\u4e71\u884c\u4e3a\u53ef\u80fd\u5bfc\u81f4\u88ab\u8981\u6c42\u79bb\u5f00\u573a\u5730\u3002<\/span><\/p><\/li><li style=\"font-weight: 400;\" aria-level=\"2\"><p><b>\u4fdd\u5bc6\uff1a<\/b><span style=\"font-weight: 400;\"> \u8bf7\u4e0d\u8981\u5411\u4ed6\u4eba\u900f\u9732\u6e38\u620f\u89e3\u51b3\u65b9\u6848\u3001\u8c1c\u9898\u6216\u7ec6\u8282\uff0c\u4ee5\u4fdd\u62a4\u672a\u6765\u73a9\u5bb6\u7684\u4f53\u9a8c\u3002\u5728\u6e38\u620f\u623f\u95f4\u5185\u7981\u6b62\u4f7f\u7528\u624b\u673a\u6216\u5176\u4ed6\u7535\u5b50\u8bbe\u5907\u3002<\/span><\/p><\/li><\/ul><\/li><li style=\"font-weight: 400;\" aria-level=\"1\"><p><b>\u8d23\u4efb\u58f0\u660e<\/b><\/p><ul><li style=\"font-weight: 400;\" aria-level=\"2\"><p><b>\u98ce\u9669\u627f\u62c5\uff1a<\/b><span style=\"font-weight: 400;\"> \u53c2\u4e0e Escape In Time \u6d3b\u52a8\u9700\u81ea\u884c\u627f\u62c5\u98ce\u9669\u3002\u9664\u975e\u56e0\u91cd\u5927\u8fc7\u5931\u5bfc\u81f4\uff0c\u516c\u53f8\u5bf9\u6e38\u620f\u8fc7\u7a0b\u4e2d\u53d1\u751f\u7684\u4f24\u5bb3\u3001\u4e8b\u6545\u6216\u635f\u5931\u6982\u4e0d\u8d1f\u8d23\u3002<\/span><\/p><\/li><li style=\"font-weight: 400;\" aria-level=\"2\"><p><b>\u5065\u5eb7\u72b6\u51b5\uff1a<\/b><span style=\"font-weight: 400;\"> \u6709\u5065\u5eb7\u95ee\u9898\uff08\u5982\u5e7d\u95ed\u6050\u60e7\u75c7\uff09\u7684\u53c2\u4e0e\u8005\u5e94\u5728\u9884\u8ba2\u524d\u4e0e\u5de5\u4f5c\u4eba\u5458\u54a8\u8be2\u3002Escape In Time \u5bf9\u672a\u62a5\u544a\u7684\u5065\u5eb7\u95ee\u9898\u5bfc\u81f4\u7684\u4e0d\u826f\u540e\u679c\u6982\u4e0d\u8d1f\u8d23\u3002<\/span><\/p><\/li><\/ul><\/li><li style=\"font-weight: 400;\" aria-level=\"1\"><p><b>\u9690\u79c1\u653f\u7b56<\/b><\/p><ul><li style=\"font-weight: 400;\" aria-level=\"2\"><p><b>\u6570\u636e\u6536\u96c6\uff1a<\/b><span style=\"font-weight: 400;\"> \u5728\u9884\u8ba2\u8fc7\u7a0b\u4e2d\u6536\u96c6\u7684\u4e2a\u4eba\u4fe1\u606f\u4ec5\u7528\u4e8e\u9884\u8ba2\u7ba1\u7406\u548c\u6c9f\u901a\u76ee\u7684\u3002<\/span><\/p><\/li><li style=\"font-weight: 400;\" aria-level=\"2\"><p><b>\u7167\u7247\u548c\u89c6\u9891\uff1a<\/b><span style=\"font-weight: 400;\"> Escape In Time \u53ef\u80fd\u4f1a\u5728\u6e38\u620f\u4e2d\u62cd\u6444\u7167\u7247\u6216\u89c6\u9891\u7528\u4e8e\u5ba3\u4f20\u3002\u5982\u679c\u60a8\u4e0d\u5e0c\u671b\u51fa\u73b0\u5728\u8fd9\u4e9b\u5a92\u4f53\u4e2d\uff0c\u8bf7\u5728\u6e38\u620f\u524d\u544a\u77e5\u5de5\u4f5c\u4eba\u5458\u3002<\/span><\/p><\/li><\/ul><\/li><li style=\"font-weight: 400;\" aria-level=\"1\"><p><b>\u4fee\u6539\u4e0e\u66f4\u65b0<\/b><b><br \/><\/b><span style=\"font-weight: 400;\">Escape In Time \u4fdd\u7559\u968f\u65f6\u66f4\u6539\u6216\u66f4\u65b0\u672c\u4f7f\u7528\u6761\u6b3e\u548c\u6761\u4ef6\u7684\u6743\u5229\u3002\u6700\u65b0\u7248\u672c\u5c06\u63d0\u4f9b\u5728\u6211\u4eec\u7684\u7f51\u7ad9\u548c\u573a\u5730\u4e0a\u67e5\u770b\u3002<\/span><\/p><\/li><\/ol><p><span style=\"font-weight: 400;\">\u5982\u6709\u95ee\u9898\u6216\u7591\u8651\uff0c\u8bf7\u62e8\u6253\u7535\u8bdd (+84)702 299 657 \u6216\u901a\u8fc7\u7535\u5b50\u90ae\u4ef6 info@escapeintime.vn \u4e0e\u6211\u4eec\u8054\u7cfb\u3002<\/span><\/p><p class=\" translation-block\">\u53c2\u4e0e\u5373\u8868\u793a\u60a8\u5df2\u9605\u8bfb\u3001\u7406\u89e3\u5e76\u540c\u610f\u8fd9\u4e9b\u6761\u6b3e\u548c\u6761\u4ef6\u3002\n\u611f\u8c22\u60a8\u9009\u62e9 Escape In Time \u2013 \u795d\u60a8\u4eab\u53d7\u7cbe\u5f69\u7684\u5192\u9669\uff01<\/p>\t\t\t\t\t\t<\/div>\n\t\t\t\t<\/div>\n\t\t\t\t\t<\/div>\n\t\t\t\t<\/div>\n\t\t\t\t<\/div>","protected":false},"excerpt":{"rendered":"<p>\u0110i\u1ec1u Kho\u1ea3n v\u00e0 \u0110i\u1ec1u Ki\u1ec7n \u0110i\u1ec1u Kho\u1ea3n v\u00e0 \u0110i\u1ec1u Ki\u1ec7n c\u1ee7a Escape In Time Ch\u00e0o m\u1eebng b\u1ea1n \u0111\u1ebfn v\u1edbi Escape In Time. B\u1eb1ng c\u00e1ch \u0111\u1eb7t ch\u1ed7 ho\u1eb7c tham gia tr\u1ea3i nghi\u1ec7m Escape Room c\u1ee7a ch\u00fang t\u00f4i, b\u1ea1n \u0111\u1ed3ng \u00fd tu\u00e2n th\u1ee7 c\u00e1c \u0110i\u1ec1u Kho\u1ea3n v\u00e0 \u0110i\u1ec1u Ki\u1ec7n sau \u0111\u00e2y. Vui l\u00f2ng \u0111\u1ecdc k\u1ef9 tr\u01b0\u1edbc khi [&hellip;]<\/p>","protected":false},"author":1,"featured_media":0,"parent":0,"menu_order":0,"comment_status":"closed","ping_status":"closed","template":"","meta":{"_acf_changed":false,"site-sidebar-layout":"no-sidebar","site-content-layout":"","ast-site-content-layout":"full-width-container","site-content-style":"default","site-sidebar-style":"default","ast-global-header-display":"","ast-banner-title-visibility":"","ast-main-header-display":"","ast-hfb-above-header-display":"","ast-hfb-below-header-display":"","ast-hfb-mobile-header-display":"","site-post-title":"disabled","ast-breadcrumbs-content":"","ast-featured-img":"disabled","footer-sml-layout":"","theme-transparent-header-meta":"","adv-header-id-meta":"","stick-header-meta":"","header-above-stick-meta":"","header-main-stick-meta":"","header-below-stick-meta":"","astra-migrate-meta-layouts":"default","ast-page-background-enabled":"default","ast-page-background-meta":{"desktop":{"background-color":"var(--ast-global-color-4)","background-image":"","background-repeat":"repeat","background-position":"center center","background-size":"auto","background-attachment":"scroll","background-type":"","background-media":"","overlay-type":"","overlay-color":"","overlay-opacity":"","overlay-gradient":""},"tablet":{"background-color":"","background-image":"","background-repeat":"repeat","background-position":"center center","background-size":"auto","background-attachment":"scroll","background-type":"","background-media":"","overlay-type":"","overlay-color":"","overlay-opacity":"","overlay-gradient":""},"mobile":{"background-color":"","background-image":"","background-repeat":"repeat","background-position":"center center","background-size":"auto","background-attachment":"scroll","background-type":"","background-media":"","overlay-type":"","overlay-color":"","overlay-opacity":"","overlay-gradient":""}},"ast-content-background-meta":{"desktop":{"background-color":"var(--ast-global-color-5)","background-image":"","background-repeat":"repeat","background-position":"center center","background-size":"auto","background-attachment":"scroll","background-type":"","background-media":"","overlay-type":"","overlay-color":"","overlay-opacity":"","overlay-gradient":""},"tablet":{"background-color":"var(--ast-global-color-5)","background-image":"","background-repeat":"repeat","background-position":"center center","background-size":"auto","background-attachment":"scroll","background-type":"","background-media":"","overlay-type":"","overlay-color":"","overlay-opacity":"","overlay-gradient":""},"mobile":{"background-color":"var(--ast-global-color-5)","background-image":"","background-repeat":"repeat","background-position":"center center","background-size":"auto","background-attachment":"scroll","background-type":"","background-media":"","overlay-type":"","overlay-color":"","overlay-opacity":"","overlay-gradient":""}},"footnotes":""},"class_list":["post-884","page","type-page","status-publish","hentry"],"acf":[],"yoast_head":"<!-- This site is optimized with the Yoast SEO plugin v24.5 - https:\/\/yoast.com\/wordpress\/plugins\/seo\/ -->\n<title>\u0110i\u1ec1u kho\u1ea3n v\u00e0 \u0111i\u1ec1u ki\u1ec7n - Escape In Time<\/title>\n<meta name=\"robots\" content=\"index, follow, max-snippet:-1, max-image-preview:large, max-video-preview:-1\" \/>\n<link rel=\"canonical\" href=\"https:\/\/escapeintime.vn\/zh\/dieu-khoan-va-dieu-kien\/\" \/>\n<meta property=\"og:locale\" content=\"zh_CN\" \/>\n<meta property=\"og:type\" content=\"article\" \/>\n<meta property=\"og:title\" content=\"\u0110i\u1ec1u kho\u1ea3n v\u00e0 \u0111i\u1ec1u ki\u1ec7n - Escape In Time\" \/>\n<meta property=\"og:description\" content=\"\u0110i\u1ec1u Kho\u1ea3n v\u00e0 \u0110i\u1ec1u Ki\u1ec7n \u0110i\u1ec1u Kho\u1ea3n v\u00e0 \u0110i\u1ec1u Ki\u1ec7n c\u1ee7a Escape In Time Ch\u00e0o m\u1eebng b\u1ea1n \u0111\u1ebfn v\u1edbi Escape In Time. B\u1eb1ng c\u00e1ch \u0111\u1eb7t ch\u1ed7 ho\u1eb7c tham gia tr\u1ea3i nghi\u1ec7m Escape Room c\u1ee7a ch\u00fang t\u00f4i, b\u1ea1n \u0111\u1ed3ng \u00fd tu\u00e2n th\u1ee7 c\u00e1c \u0110i\u1ec1u Kho\u1ea3n v\u00e0 \u0110i\u1ec1u Ki\u1ec7n sau \u0111\u00e2y. Vui l\u00f2ng \u0111\u1ecdc k\u1ef9 tr\u01b0\u1edbc khi [&hellip;]\" \/>\n<meta property=\"og:url\" content=\"https:\/\/escapeintime.vn\/zh\/dieu-khoan-va-dieu-kien\/\" \/>\n<meta property=\"og:site_name\" content=\"Escape In Time\" \/>\n<meta property=\"article:publisher\" content=\"https:\/\/www.facebook.com\/escapeintime.vn\" \/>\n<meta property=\"article:modified_time\" content=\"2024-11-22T14:23:48+00:00\" \/>\n<meta property=\"og:image\" content=\"https:\/\/escapeintime.vn\/wp-content\/uploads\/2025\/03\/481051932_122136945770577148_7613651333272878880_n.png\" \/>\n\t<meta property=\"og:image:width\" content=\"1958\" \/>\n\t<meta property=\"og:image:height\" content=\"745\" \/>\n\t<meta property=\"og:image:type\" content=\"image\/png\" \/>\n<meta name=\"twitter:card\" content=\"summary_large_image\" \/>\n<meta name=\"twitter:label1\" content=\"\u9884\u8ba1\u9605\u8bfb\u65f6\u95f4\" \/>\n\t<meta name=\"twitter:data1\" content=\"6 \u5206\" \/>\n<script type=\"application\/ld+json\" class=\"yoast-schema-graph\">{\"@context\":\"https:\/\/schema.org\",\"@graph\":[{\"@type\":\"WebPage\",\"@id\":\"https:\/\/escapeintime.vn\/dieu-khoan-va-dieu-kien\/\",\"url\":\"https:\/\/escapeintime.vn\/dieu-khoan-va-dieu-kien\/\",\"name\":\"\u0110i\u1ec1u kho\u1ea3n v\u00e0 \u0111i\u1ec1u ki\u1ec7n - Escape In Time\",\"isPartOf\":{\"@id\":\"https:\/\/escapeintime.vn\/#website\"},\"datePublished\":\"2024-11-22T13:58:06+00:00\",\"dateModified\":\"2024-11-22T14:23:48+00:00\",\"breadcrumb\":{\"@id\":\"https:\/\/escapeintime.vn\/dieu-khoan-va-dieu-kien\/#breadcrumb\"},\"inLanguage\":\"zh-Hans\",\"potentialAction\":[{\"@type\":\"ReadAction\",\"target\":[\"https:\/\/escapeintime.vn\/dieu-khoan-va-dieu-kien\/\"]}]},{\"@type\":\"BreadcrumbList\",\"@id\":\"https:\/\/escapeintime.vn\/dieu-khoan-va-dieu-kien\/#breadcrumb\",\"itemListElement\":[{\"@type\":\"ListItem\",\"position\":1,\"name\":\"Trang ch\u1ee7\",\"item\":\"https:\/\/escapeintime.vn\/\"},{\"@type\":\"ListItem\",\"position\":2,\"name\":\"\u0110i\u1ec1u kho\u1ea3n v\u00e0 \u0111i\u1ec1u ki\u1ec7n\"}]},{\"@type\":\"WebSite\",\"@id\":\"https:\/\/escapeintime.vn\/#website\",\"url\":\"https:\/\/escapeintime.vn\/\",\"name\":\"Escape In Time\",\"description\":\"Escape Room T\u1ea1i \u0110\u00e0 N\u1eb5ng\",\"publisher\":{\"@id\":\"https:\/\/escapeintime.vn\/#organization\"},\"alternateName\":\"Escape Room in Danang\",\"potentialAction\":[{\"@type\":\"SearchAction\",\"target\":{\"@type\":\"EntryPoint\",\"urlTemplate\":\"https:\/\/escapeintime.vn\/?s={search_term_string}\"},\"query-input\":{\"@type\":\"PropertyValueSpecification\",\"valueRequired\":true,\"valueName\":\"search_term_string\"}}],\"inLanguage\":\"zh-Hans\"},{\"@type\":\"Organization\",\"@id\":\"https:\/\/escapeintime.vn\/#organization\",\"name\":\"Escape In Time\",\"url\":\"https:\/\/escapeintime.vn\/\",\"logo\":{\"@type\":\"ImageObject\",\"inLanguage\":\"zh-Hans\",\"@id\":\"https:\/\/escapeintime.vn\/#\/schema\/logo\/image\/\",\"url\":\"https:\/\/escapeintime.vn\/wp-content\/uploads\/2024\/09\/cropped-non_backgrd.png\",\"contentUrl\":\"https:\/\/escapeintime.vn\/wp-content\/uploads\/2024\/09\/cropped-non_backgrd.png\",\"width\":512,\"height\":512,\"caption\":\"Escape In Time\"},\"image\":{\"@id\":\"https:\/\/escapeintime.vn\/#\/schema\/logo\/image\/\"},\"sameAs\":[\"https:\/\/www.facebook.com\/escapeintime.vn\",\"https:\/\/www.instagram.com\/escapeintime.vn\/\"]}]}<\/script>\n<!-- \/ Yoast SEO plugin. -->","yoast_head_json":{"title":"\u0110i\u1ec1u kho\u1ea3n v\u00e0 \u0111i\u1ec1u ki\u1ec7n - Escape In Time","robots":{"index":"index","follow":"follow","max-snippet":"max-snippet:-1","max-image-preview":"max-image-preview:large","max-video-preview":"max-video-preview:-1"},"canonical":"https:\/\/escapeintime.vn\/zh\/dieu-khoan-va-dieu-kien\/","og_locale":"zh_CN","og_type":"article","og_title":"\u0110i\u1ec1u kho\u1ea3n v\u00e0 \u0111i\u1ec1u ki\u1ec7n - Escape In Time","og_description":"\u0110i\u1ec1u Kho\u1ea3n v\u00e0 \u0110i\u1ec1u Ki\u1ec7n \u0110i\u1ec1u Kho\u1ea3n v\u00e0 \u0110i\u1ec1u Ki\u1ec7n c\u1ee7a Escape In Time Ch\u00e0o m\u1eebng b\u1ea1n \u0111\u1ebfn v\u1edbi Escape In Time. B\u1eb1ng c\u00e1ch \u0111\u1eb7t ch\u1ed7 ho\u1eb7c tham gia tr\u1ea3i nghi\u1ec7m Escape Room c\u1ee7a ch\u00fang t\u00f4i, b\u1ea1n \u0111\u1ed3ng \u00fd tu\u00e2n th\u1ee7 c\u00e1c \u0110i\u1ec1u Kho\u1ea3n v\u00e0 \u0110i\u1ec1u Ki\u1ec7n sau \u0111\u00e2y. Vui l\u00f2ng \u0111\u1ecdc k\u1ef9 tr\u01b0\u1edbc khi [&hellip;]","og_url":"https:\/\/escapeintime.vn\/zh\/dieu-khoan-va-dieu-kien\/","og_site_name":"Escape In Time","article_publisher":"https:\/\/www.facebook.com\/escapeintime.vn","article_modified_time":"2024-11-22T14:23:48+00:00","og_image":[{"width":1958,"height":745,"url":"https:\/\/escapeintime.vn\/wp-content\/uploads\/2025\/03\/481051932_122136945770577148_7613651333272878880_n.png","type":"image\/png"}],"twitter_card":"summary_large_image","twitter_misc":{"\u9884\u8ba1\u9605\u8bfb\u65f6\u95f4":"6 \u5206"},"schema":{"@context":"https:\/\/schema.org","@graph":[{"@type":"WebPage","@id":"https:\/\/escapeintime.vn\/dieu-khoan-va-dieu-kien\/","url":"https:\/\/escapeintime.vn\/dieu-khoan-va-dieu-kien\/","name":"\u0110i\u1ec1u kho\u1ea3n v\u00e0 \u0111i\u1ec1u ki\u1ec7n - Escape In Time","isPartOf":{"@id":"https:\/\/escapeintime.vn\/#website"},"datePublished":"2024-11-22T13:58:06+00:00","dateModified":"2024-11-22T14:23:48+00:00","breadcrumb":{"@id":"https:\/\/escapeintime.vn\/dieu-khoan-va-dieu-kien\/#breadcrumb"},"inLanguage":"zh-Hans","potentialAction":[{"@type":"ReadAction","target":["https:\/\/escapeintime.vn\/dieu-khoan-va-dieu-kien\/"]}]},{"@type":"BreadcrumbList","@id":"https:\/\/escapeintime.vn\/dieu-khoan-va-dieu-kien\/#breadcrumb","itemListElement":[{"@type":"ListItem","position":1,"name":"Trang ch\u1ee7","item":"https:\/\/escapeintime.vn\/"},{"@type":"ListItem","position":2,"name":"\u0110i\u1ec1u kho\u1ea3n v\u00e0 \u0111i\u1ec1u ki\u1ec7n"}]},{"@type":"WebSite","@id":"https:\/\/escapeintime.vn\/#website","url":"https:\/\/escapeintime.vn\/","name":"Escape In Time","description":"Escape Room T\u1ea1i \u0110\u00e0 N\u1eb5ng","publisher":{"@id":"https:\/\/escapeintime.vn\/#organization"},"alternateName":"Escape Room in Danang","potentialAction":[{"@type":"SearchAction","target":{"@type":"EntryPoint","urlTemplate":"https:\/\/escapeintime.vn\/?s={search_term_string}"},"query-input":{"@type":"PropertyValueSpecification","valueRequired":true,"valueName":"search_term_string"}}],"inLanguage":"zh-Hans"},{"@type":"Organization","@id":"https:\/\/escapeintime.vn\/#organization","name":"Escape In Time","url":"https:\/\/escapeintime.vn\/","logo":{"@type":"ImageObject","inLanguage":"zh-Hans","@id":"https:\/\/escapeintime.vn\/#\/schema\/logo\/image\/","url":"https:\/\/escapeintime.vn\/wp-content\/uploads\/2024\/09\/cropped-non_backgrd.png","contentUrl":"https:\/\/escapeintime.vn\/wp-content\/uploads\/2024\/09\/cropped-non_backgrd.png","width":512,"height":512,"caption":"Escape In Time"},"image":{"@id":"https:\/\/escapeintime.vn\/#\/schema\/logo\/image\/"},"sameAs":["https:\/\/www.facebook.com\/escapeintime.vn","https:\/\/www.instagram.com\/escapeintime.vn\/"]}]}},"_links":{"self":[{"href":"https:\/\/escapeintime.vn\/zh\/wp-json\/wp\/v2\/pages\/884","targetHints":{"allow":["GET"]}}],"collection":[{"href":"https:\/\/escapeintime.vn\/zh\/wp-json\/wp\/v2\/pages"}],"about":[{"href":"https:\/\/escapeintime.vn\/zh\/wp-json\/wp\/v2\/types\/page"}],"author":[{"embeddable":true,"href":"https:\/\/escapeintime.vn\/zh\/wp-json\/wp\/v2\/users\/1"}],"replies":[{"embeddable":true,"href":"https:\/\/escapeintime.vn\/zh\/wp-json\/wp\/v2\/comments?post=884"}],"version-history":[{"count":19,"href":"https:\/\/escapeintime.vn\/zh\/wp-json\/wp\/v2\/pages\/884\/revisions"}],"predecessor-version":[{"id":908,"href":"https:\/\/escapeintime.vn\/zh\/wp-json\/wp\/v2\/pages\/884\/revisions\/908"}],"wp:attachment":[{"href":"https:\/\/escapeintime.vn\/zh\/wp-json\/wp\/v2\/media?parent=884"}],"curies":[{"name":"wp","href":"https:\/\/api.w.org\/{rel}","templated":true}]}}